{"id":25474,"date":"2023-09-20T08:32:50","date_gmt":"2023-09-20T11:32:50","guid":{"rendered":"https:\/\/revistafadesa.com\/?page_id=25474"},"modified":"2023-09-20T08:45:05","modified_gmt":"2023-09-20T11:45:05","slug":"sobre","status":"publish","type":"page","link":"https:\/\/revistafadesa.com\/index.php\/sobre\/","title":{"rendered":"Sobre"},"content":{"rendered":"\t\t<div data-elementor-type=\"wp-post\" data-elementor-id=\"25474\" class=\"elementor elementor-25474\">\n\t\t\t\t\t\t<section class=\"elementor-section elementor-top-section elementor-element elementor-element-32cc8b1e elementor-section-boxed elementor-section-height-default elementor-section-height-default\" data-id=\"32cc8b1e\" data-element_type=\"section\" data-settings=\"{&quot;background_background&quot;:&quot;gradient&quot;}\">\n\t\t\t\t\t\t<div class=\"elementor-container elementor-column-gap-default\">\n\t\t\t\t\t<div class=\"elementor-column elementor-col-100 elementor-top-column elementor-element elementor-element-207fde47\" data-id=\"207fde47\" data-element_type=\"column\">\n\t\t\t<div class=\"elementor-widget-wrap elementor-element-populated\">\n\t\t\t\t\t\t<div class=\"elementor-element elementor-element-bf92015 elementor-widget elementor-widget-image-box\" data-id=\"bf92015\" data-element_type=\"widget\" data-widget_type=\"image-box.default\">\n\t\t\t\t<div class=\"elementor-widget-container\">\n\t\t\t\t\t<div class=\"elementor-image-box-wrapper\"><div class=\"elementor-image-box-content\"><h1 class=\"elementor-image-box-title\">Sobre a revista<\/h1><\/div><\/div>\t\t\t\t<\/div>\n\t\t\t\t<\/div>\n\t\t\t\t\t<\/div>\n\t\t<\/div>\n\t\t\t\t\t<\/div>\n\t\t<\/section>\n\t\t\t\t<section class=\"elementor-section elementor-top-section elementor-element elementor-element-715ce554 elementor-section-boxed elementor-section-height-default elementor-section-height-default\" data-id=\"715ce554\" data-element_type=\"section\" data-settings=\"{&quot;background_background&quot;:&quot;classic&quot;}\">\n\t\t\t\t\t\t<div class=\"elementor-container elementor-column-gap-default\">\n\t\t\t\t\t<div class=\"elementor-column elementor-col-100 elementor-top-column elementor-element elementor-element-29407310\" data-id=\"29407310\" data-element_type=\"column\">\n\t\t\t<div class=\"elementor-widget-wrap elementor-element-populated\">\n\t\t\t\t\t\t<div class=\"elementor-element elementor-element-2b727daf elementor-widget elementor-widget-image-box\" data-id=\"2b727daf\" data-element_type=\"widget\" data-widget_type=\"image-box.default\">\n\t\t\t\t<div class=\"elementor-widget-container\">\n\t\t\t\t\t<div class=\"elementor-image-box-wrapper\"><div class=\"elementor-image-box-content\"><p class=\"elementor-image-box-description\"><h2 class=\"elementor-image-box-title\" style=\"font-size: 2.05882rem; font-style: normal; color: rgb(0, 0, 0); white-space-collapse: collapse;\"><span style=\"color: rgb(88, 77, 102); font-size: 17px; background-color: var( --e-global-color-astglobalcolor4 ); font-family: Lato, sans-serif;\">Sobre a Revista<\/span><br><\/h2><p class=\"elementor-image-box-description\" style=\"font-size: 17px; font-style: normal; font-weight: 400; color: rgb(88, 77, 102); white-space-collapse: collapse;\"><br>A&nbsp;<span style=\"font-weight: 700;\">Revista Cient\u00edfica FADESA<\/span>&nbsp;\u00e9 uma publica\u00e7\u00e3o da&nbsp;<span style=\"font-weight: 700;\"><i>Faculdade Para o Desenvolvimento Sustent\u00e1vel da Amaz\u00f4nia (FADESA)<\/i><\/span>, dedicada \u00e0 divulga\u00e7\u00e3o de t<u>extos originais e in\u00e9ditos<\/u>&nbsp;nas \u00e1reas de&nbsp;<span style=\"font-weight: 700;\">Ci\u00eancias Humanas, Sociais Aplicadas<\/span>&nbsp;e da&nbsp;<span style=\"font-weight: 700;\">Sa\u00fade<\/span>. Sua&nbsp;<span style=\"font-weight: 700;\">periodicidade \u00e9 SEMESTRAL<\/span>, com edi\u00e7\u00f5es em&nbsp;<i>mar\u00e7o e setembro<\/i>, e possui um formato de&nbsp;<span style=\"font-weight: 700;\">acesso aberto e submiss\u00e3o cont\u00ednua (os artigos cient\u00edficos podem ser encaminhados a qualquer tempo \u00e0 Revista).<\/span><br><br>A revista aceita submiss\u00f5es que englobam produ\u00e7\u00f5es de&nbsp;<u>pesquisadores<\/u>,&nbsp;<u>grupos de pesquisa<\/u>,&nbsp;<u>docentes<\/u>&nbsp;e&nbsp;<u>discentes<\/u>&nbsp;de institui\u00e7\u00f5es de ensino superior, tanto de gradua\u00e7\u00e3o quanto de p\u00f3s-gradua\u00e7\u00e3o.<br><br><span style=\"font-weight: 700;\">Os trabalhos submetidos na Revista Cient\u00edfica FADESA devem ser completamente originais. N\u00e3o devem ter sido apresentados em congressos ou publicados, parcial ou integralmente, em nenhum outro meio de divulga\u00e7\u00e3o cient\u00edfica ou midi\u00e1tica. A Revista valoriza a exclusividade e busca contribui\u00e7\u00f5es in\u00e9ditas, evitando qualquer forma de duplica\u00e7\u00e3o de conte\u00fado.<\/span><br><br><i>Os textos\/artigos cient\u00edficos devem ser enviados por meio do formul\u00e1rio pr\u00f3prio dispon\u00edvel na aba \"ENVIAR SUBMISS\u00c3O\", seguindo as normas estabelecidas.<\/i><br><br><span style=\"font-weight: 700;\">POL\u00cdTICA EDITORIAL<\/span><br><br>*<span style=\"font-weight: 700;\">MISS\u00c3O<\/span><br><br>Promover a divulga\u00e7\u00e3o e a socializa\u00e7\u00e3o do conhecimento cient\u00edfico, acad\u00eamico e t\u00e9cnico, com foco no desenvolvimento sustent\u00e1vel da regi\u00e3o amaz\u00f4nica.<br><br><span style=\"font-weight: 700;\">*\u00c1REAS\/LINHAS DE SUBMISS\u00c3O ACEITAS:<\/span><br><br>\u2022&nbsp;<span style=\"font-weight: 700;\">Enfermagem<br>\u2022 Odontologia<br>\u2022 Psicologia<br>\u2022 Direito<br>\u2022 Nutri\u00e7\u00e3o<br>\u2022 An\u00e1lise e Desenvolvimento de Sistemas<br>\u2022 Ci\u00eancias Cont\u00e1beis<\/span><br><span style=\"font-weight: 700;\">\u2022 Administra\u00e7\u00e3o<br>\u2022 Educa\u00e7\u00e3o F\u00edsica<br>\u2022 Pedagogia<\/span><br><br><i><span style=\"font-weight: 700;\">RESSALTA-SE QUE N\u00c3O H\u00c1 COBRAN\u00c7A DE TAXA DE SUBMISS\u00c3O E\/OU PUBLICA\u00c7\u00c3O.<\/span><\/i><br><br><span style=\"font-weight: 700;\">* CONTRIBUI\u00c7\u00c3O ACEITA<\/span><br><br><span style=\"font-weight: 700;\">ARTIGO CIENT\u00cdFICO (PAPER)<\/span>&nbsp;em portugu\u00eas e ingl\u00eas.<br><br>Um artigo cient\u00edfico \u00e9 um texto que aborda um tema espec\u00edfico ou apresenta os resultados de um projeto de pesquisa. Seus principais objetivos s\u00e3o identificar um problema, estud\u00e1-lo, formular hip\u00f3teses, analisar dados, fornece uma metodologia e, por fim, apresentar conclus\u00f5es ou recomenda\u00e7\u00f5es. O artigo cient\u00edfico \u00e9 essencialmente t\u00e9cnico e pode incluir f\u00f3rmulas, gr\u00e1ficos, cita\u00e7\u00f5es, notas, anexos e refer\u00eancias. O autor busca ser imparcial e distante, n\u00e3o revelando explicitamente suas cren\u00e7as ou prefer\u00eancias. Os dados coletados s\u00e3o geralmente experimentais e mensur\u00e1veis objetivamente. Mesmo as informa\u00e7\u00f5es mais intuitivas ou hipot\u00e9ticas possuem uma abordagem cient\u00edfica, baseada em uma metodologia espec\u00edfica para esse prop\u00f3sito.<br><br><span style=\"font-weight: 700;\"><u>N\u00e3o aceitamos artigos de REVIS\u00c3O DE LITERATURA.<\/u><\/span><br><br><span style=\"font-weight: 700;\">*INDEXA\u00c7\u00c3O<\/span><br><br>A Revista Cient\u00edfica FADESA est\u00e1 indexada nas bases de dados: Google Scholar, Diadorim e Latindex.<br><br><span style=\"font-weight: 700;\">* AUTORIA &amp; DIREITOS AUTORAIS:<\/span><br><br><span style=\"font-weight: 700;\">Ao submeterem seus artigos cient\u00edficos para a Revista Cient\u00edfica FADESA, os autores devem estar cientes que:<\/span><br><br><span style=\"font-weight: 700;\">\u2022&nbsp;<\/span>Seus artigos cient\u00edficos n\u00e3o foram e n\u00e3o est\u00e3o sendo submetidos para publica\u00e7\u00e3o em nenhuma outra revista cient\u00edfica.<br><span style=\"font-weight: 700;\">\u2022&nbsp;<\/span>Caso o conte\u00fado do artigo cient\u00edfico seja retirado de outras publica\u00e7\u00f5es, \u00e9 responsabilidade dos autores referenci\u00e1-lo adequadamente e obter as permiss\u00f5es necess\u00e1rias para sua publica\u00e7\u00e3o.<br><span style=\"font-weight: 700;\">\u2022&nbsp;<\/span>A veracidade dos dados, o conte\u00fado e a corre\u00e7\u00e3o ortogr\u00e1fica\/gramatical do(s) artigo(s) cient\u00edfico(s) s\u00e3o de responsabilidade exclusiva dos autores. Trabalhos que contenham resultados de estudos humanos somente ser\u00e3o aceitos para publica\u00e7\u00e3o se acompanhados de uma c\u00f3pia do parecer do comit\u00ea de \u00e9tica. \u00c9 obrigat\u00f3rio incluir uma declara\u00e7\u00e3o de que o protocolo de pesquisa foi aprovado por um Comit\u00ea de \u00c9tica em Pesquisa - CEP, conforme estabelecido na Resolu\u00e7\u00e3o 196\/96 do Conselho Nacional de Sa\u00fade.<br><br><br>Os autores cedem os direitos de publica\u00e7\u00e3o \u00e0 Revista Cient\u00edfica FADESA.<br><br><span style=\"font-weight: 700;\">*PL\u00c1GIO<\/span><br><br>Antes de submeter um trabalho, \u00e9 altamente recomendado observar a declara\u00e7\u00e3o do COPE sobre \u00e9tica e boas pr\u00e1ticas para a organiza\u00e7\u00e3o e reda\u00e7\u00e3o do trabalho. Para isso, por favor, consulte o site http:\/\/publicationethics.org\/. Esta revista adota uma pol\u00edtica rigorosa de observar e n\u00e3o aceitar a publica\u00e7\u00e3o de dados fabricados, dados falsificados, publica\u00e7\u00e3o redundante ou duplicada, pl\u00e1gio, conflitos de autoria ou interesse, autores \"fantasmas\", autores encobertos ou autores e\/ou co-autores que n\u00e3o contribu\u00edram para o trabalho.<br><br><u><span style=\"font-weight: 700;\">E<\/span><\/u><span style=\"font-weight: 700;\"><u>ste peri\u00f3dico utiliza o programa PLAGIUS PROFESSIONAL\u00ae para detec\u00e7\u00e3o de pl\u00e1gio. Caso seja detectado pl\u00e1gio no trabalho, o mesmo ser\u00e1 rejeitado e os autores ser\u00e3o notificados.<\/u><\/span><br><br><br><span style=\"font-weight: 700;\">*POL\u00cdTICA DE ACESSO LIVRE E CI\u00caNCIA ABERTA<\/span><br><br>A Revista Cient\u00edfica FADESA oferece acesso livre e gratuito a todo o conte\u00fado de suas publica\u00e7\u00f5es cient\u00edficas, visando promover a democratiza\u00e7\u00e3o do conhecimento cient\u00edfico.<br>Todo o conte\u00fado da Revista Cient\u00edfica FADESA \u00e9 licenciado sob uma Licen\u00e7a Creative Commons do tipo CC-BY 4.0, o que permite aos autores e leitores distribuir, adaptar e criar a partir dos artigos publicados na Revista, desde que as devidas fontes sejam citadas.<br>Para acessar os artigos, basta clicar em \"CADASTRO\", registrar uma senha e fornecer seu nome e e-mail.<br><br><span style=\"font-weight: 700;\">*POL\u00cdTICA DE ARMAZENAMENTO DE DADOS DA PESQUISA<\/span><br><br>Em conformidade com as diretrizes da Ci\u00eancia Aberta, a Revista Cient\u00edfica FADESA incentiva os autores a compartilharem, sempre que poss\u00edvel, todos os dados relacionados ao seu artigo. \u00c9 essencial que, pelo menos, um dos autores tenha acesso completo a todos os dados do estudo, assumindo a responsabilidade por sua integridade e pela precis\u00e3o da an\u00e1lise.<br>Os dados utilizados na pesquisa, caso n\u00e3o estejam depositados em reposit\u00f3rios p\u00fablicos, dever\u00e3o estar dispon\u00edveis mediante solicita\u00e7\u00e3o da Revista Cient\u00edfica FADESA.<br><br><span style=\"font-weight: 700;\">*FONTES DE APOIO<\/span><br><br>Faculdade para o Desenvolvimento Sustent\u00e1vel da Amaz\u00f4nia - FADESA<br><br><span style=\"font-weight: 700;\">*SUBMISS\u00c3O DO ARTIGO CIENT\u00cdFICO<\/span><br><br>Quando o artigo estiver em conformidade com a \"Pol\u00edtica Editorial\" e as \"Diretrizes para Autores\" desta Revista, a submiss\u00e3o dever\u00e1 ser realizada por meio do seguinte endere\u00e7o eletr\u00f4nico: https:\/\/revistafadesa.net\/ojs\/index.php\/edition1\/about\/submissions.<br><br>A Revista Cient\u00edfica FADESA utiliza o Sistema Eletr\u00f4nico de Editora\u00e7\u00e3o de Revistas (SEER), personalizado pelo Instituto Brasileiro de Informa\u00e7\u00e3o em Ci\u00eancia e Tecnologia (IBICT), a partir do Open Journal Access (OJS) vers\u00e3o 3.1.1-2, desenvolvido pelo Public Knowledge Project. Nesse sistema, o autor dever\u00e1 realizar um cadastro para obter login e senha de acesso.<br><br><span style=\"font-weight: 700;\">Ao acessar o sistema, basta atentar-se aos dados a serem preenchidos e anexar os documentos necess\u00e1rios. Ao finalizar a submiss\u00e3o, uma mensagem autom\u00e1tica de confirma\u00e7\u00e3o \u00e9 enviada ao autor, via e-mail.<\/span><br><br><span style=\"font-weight: 700;\">D\u00favidas de como submeter?<\/span><br>Os autores podem entrar em contato com a Revista Cient\u00edfica FADESA pelo e-mail: revista@fadesa.edu.br.<\/p>\n<\/p><\/div><\/div>\t\t\t\t<\/div>\n\t\t\t\t<\/div>\n\t\t\t\t\t<\/div>\n\t\t<\/div>\n\t\t\t\t\t<\/div>\n\t\t<\/section>\n\t\t\t\t<\/div>\n\t\t","protected":false},"excerpt":{"rendered":"<p>Sobre a revista Sobre a Revista A&nbsp;Revista Cient\u00edfica FADESA&nbsp;\u00e9 uma publica\u00e7\u00e3o da&nbsp;Faculdade Para o Desenvolvimento Sustent\u00e1vel da Amaz\u00f4nia (FADESA), dedicada \u00e0 divulga\u00e7\u00e3o de textos originais e in\u00e9ditos&nbsp;nas \u00e1reas de&nbsp;Ci\u00eancias Humanas, Sociais Aplicadas&nbsp;e da&nbsp;Sa\u00fade. Sua&nbsp;periodicidade \u00e9 SEMESTRAL, com edi\u00e7\u00f5es em&nbsp;mar\u00e7o e setembro, e possui um formato de&nbsp;acesso aberto e submiss\u00e3o cont\u00ednua (os artigos cient\u00edficos podem ser &hellip;<\/p>\n<p class=\"read-more\"> <a class=\"\" href=\"https:\/\/revistafadesa.com\/index.php\/sobre\/\"> <span class=\"screen-reader-text\">Sobre<\/span> Read More &raquo;<\/a><\/p>\n","protected":false},"author":1,"featured_media":0,"parent":0,"menu_order":0,"comment_status":"closed","ping_status":"closed","template":"","meta":{"om_disable_all_campaigns":false,"_uag_custom_page_level_css":"","_mi_skip_tracking":false,"_monsterinsights_sitenote_active":false,"_monsterinsights_sitenote_note":"","_monsterinsights_sitenote_category":0,"site-sidebar-layout":"no-sidebar","site-content-layout":"page-builder","ast-global-header-display":"","ast-banner-title-visibility":"","ast-main-header-display":"","ast-hfb-above-header-display":"","ast-hfb-below-header-display":"","ast-hfb-mobile-header-display":"","site-post-title":"disabled","ast-breadcrumbs-content":"","ast-featured-img":"disabled","footer-sml-layout":"","theme-transparent-header-meta":"enabled","adv-header-id-meta":"","stick-header-meta":"","header-above-stick-meta":"","header-main-stick-meta":"","header-below-stick-meta":"","footnotes":""},"aioseo_notices":[],"uagb_featured_image_src":{"full":false,"thumbnail":false,"medium":false,"medium_large":false,"large":false,"1536x1536":false,"2048x2048":false,"woocommerce_thumbnail":false,"woocommerce_single":false,"woocommerce_gallery_thumbnail":false},"uagb_author_info":{"display_name":"revistafadesa.com","author_link":"https:\/\/revistafadesa.com\/index.php\/author\/revistafadesa-com\/"},"uagb_comment_info":0,"uagb_excerpt":"Sobre a revista Sobre a Revista A&nbsp;Revista Cient\u00edfica FADESA&nbsp;\u00e9 uma publica\u00e7\u00e3o da&nbsp;Faculdade Para o Desenvolvimento Sustent\u00e1vel da Amaz\u00f4nia (FADESA), dedicada \u00e0 divulga\u00e7\u00e3o de textos originais e in\u00e9ditos&nbsp;nas \u00e1reas de&nbsp;Ci\u00eancias Humanas, Sociais Aplicadas&nbsp;e da&nbsp;Sa\u00fade. Sua&nbsp;periodicidade \u00e9 SEMESTRAL, com edi\u00e7\u00f5es em&nbsp;mar\u00e7o e setembro, e possui um formato de&nbsp;acesso aberto e submiss\u00e3o cont\u00ednua (os artigos cient\u00edficos podem ser&hellip;","_links":{"self":[{"href":"https:\/\/revistafadesa.com\/index.php\/wp-json\/wp\/v2\/pages\/25474"}],"collection":[{"href":"https:\/\/revistafadesa.com\/index.php\/wp-json\/wp\/v2\/pages"}],"about":[{"href":"https:\/\/revistafadesa.com\/index.php\/wp-json\/wp\/v2\/types\/page"}],"author":[{"embeddable":true,"href":"https:\/\/revistafadesa.com\/index.php\/wp-json\/wp\/v2\/users\/1"}],"replies":[{"embeddable":true,"href":"https:\/\/revistafadesa.com\/index.php\/wp-json\/wp\/v2\/comments?post=25474"}],"version-history":[{"count":8,"href":"https:\/\/revistafadesa.com\/index.php\/wp-json\/wp\/v2\/pages\/25474\/revisions"}],"predecessor-version":[{"id":25488,"href":"https:\/\/revistafadesa.com\/index.php\/wp-json\/wp\/v2\/pages\/25474\/revisions\/25488"}],"wp:attachment":[{"href":"https:\/\/revistafadesa.com\/index.php\/wp-json\/wp\/v2\/media?parent=25474"}],"curies":[{"name":"wp","href":"https:\/\/api.w.org\/{rel}","templated":true}]}}