{"id":324,"date":"2019-02-12T01:29:05","date_gmt":"2019-02-12T03:29:05","guid":{"rendered":"https:\/\/revistafadesa.com\/index.php\/my-account\/"},"modified":"2023-09-04T16:21:42","modified_gmt":"2023-09-04T19:21:42","slug":"normas-de-submissao-2","status":"publish","type":"page","link":"https:\/\/revistafadesa.com\/index.php\/normas-de-submissao-2\/","title":{"rendered":"Processo de Avalia\u00e7\u00e3o"},"content":{"rendered":"\t\t<div data-elementor-type=\"wp-post\" data-elementor-id=\"324\" class=\"elementor elementor-324\">\n\t\t\t\t\t\t<section class=\"elementor-section elementor-top-section elementor-element elementor-element-32cc8b1e elementor-section-boxed elementor-section-height-default elementor-section-height-default\" data-id=\"32cc8b1e\" data-element_type=\"section\" data-settings=\"{&quot;background_background&quot;:&quot;gradient&quot;}\">\n\t\t\t\t\t\t<div class=\"elementor-container elementor-column-gap-default\">\n\t\t\t\t\t<div class=\"elementor-column elementor-col-100 elementor-top-column elementor-element elementor-element-207fde47\" data-id=\"207fde47\" data-element_type=\"column\">\n\t\t\t<div class=\"elementor-widget-wrap elementor-element-populated\">\n\t\t\t\t\t\t<div class=\"elementor-element elementor-element-bf92015 elementor-widget elementor-widget-image-box\" data-id=\"bf92015\" data-element_type=\"widget\" data-widget_type=\"image-box.default\">\n\t\t\t\t<div class=\"elementor-widget-container\">\n\t\t\t\t\t<div class=\"elementor-image-box-wrapper\"><div class=\"elementor-image-box-content\"><h1 class=\"elementor-image-box-title\">Processo de Avalia\u00e7\u00e3o<\/h1><\/div><\/div>\t\t\t\t<\/div>\n\t\t\t\t<\/div>\n\t\t\t\t\t<\/div>\n\t\t<\/div>\n\t\t\t\t\t<\/div>\n\t\t<\/section>\n\t\t\t\t<section class=\"elementor-section elementor-top-section elementor-element elementor-element-715ce554 elementor-section-boxed elementor-section-height-default elementor-section-height-default\" data-id=\"715ce554\" data-element_type=\"section\" data-settings=\"{&quot;background_background&quot;:&quot;classic&quot;}\">\n\t\t\t\t\t\t<div class=\"elementor-container elementor-column-gap-default\">\n\t\t\t\t\t<div class=\"elementor-column elementor-col-100 elementor-top-column elementor-element elementor-element-29407310\" data-id=\"29407310\" data-element_type=\"column\">\n\t\t\t<div class=\"elementor-widget-wrap elementor-element-populated\">\n\t\t\t\t\t\t<div class=\"elementor-element elementor-element-2b727daf elementor-widget elementor-widget-image-box\" data-id=\"2b727daf\" data-element_type=\"widget\" data-widget_type=\"image-box.default\">\n\t\t\t\t<div class=\"elementor-widget-container\">\n\t\t\t\t\t<div class=\"elementor-image-box-wrapper\"><div class=\"elementor-image-box-content\"><p class=\"elementor-image-box-description\">Os artigos submetidos \u00e0 <b>Revista Cient\u00edfica FADESA<\/b> passam por uma sele\u00e7\u00e3o inicial realizada pelo Editor-chefe antes do processo de revis\u00e3o <b>a cega por pares<\/b>. Essa sele\u00e7\u00e3o pr\u00e9via leva em conta a <b>ader\u00eancia ao escopo da Revista<\/b>, bem como a <b>adequa\u00e7\u00e3o \u00e0s normas<\/b>, a <b>originalidade<\/b> e o <b>impacto da contribui\u00e7\u00e3o cient\u00edfica<\/b>, a <b>qualidade gr\u00e1fica do material<\/b>, a <b>qualidade do texto<\/b> e a <b>pertin\u00eancia<\/b> e <b>atualiza\u00e7\u00e3o<\/b> da literatura citada.<br><br><br>\nOs artigos selecionados na etapa inicial seguem para o processo de avalia\u00e7\u00e3o:<br><br>\n\u2022\tSer\u00e3o avaliados por, no m\u00ednimo, dois pareceristas (referees) externos, selecionados com base em sua especialidade e\/ou afinidade com o conte\u00fado tem\u00e1tico dos trabalhos em an\u00e1lise.<br><br>\n\u2022\tOs pareceristas devem revelar ao (s) editor (es) quaisquer conflitos de interesse que possa influenciar suas opini\u00f5es sobre o trabalho e devem declarar-se n\u00e3o qualificados para revisar originais espec\u00edficos, caso considerem apropriado.<br><br>\n\u2022\tAos pareceristas reserva-se o direito de apresentar parecer favor\u00e1vel condicionado \u00e0 reformula\u00e7\u00e3o do artigo, apresentar sugest\u00f5es para reformula\u00e7\u00e3o, bem como, o direito de sugerir a edi\u00e7\u00e3o do texto reformulado, desde que as altera\u00e7\u00f5es propostas n\u00e3o afetem o conte\u00fado essencial do trabalho.<br><br>\n\u2022\tOs pareceres dever\u00e3o ser leg\u00edveis e apresentar uma avalia\u00e7\u00e3o cr\u00edtica dos artigos, relevando a import\u00e2ncia dos mesmos. Caso o parecer indique reformula\u00e7\u00f5es num determinado trabalho, todos os trechos dever\u00e3o ser apontados com destaque de par\u00e1grafos e ou p\u00e1ginas, conforme o caso.<br><br>\n\u2022\tAos pareceristas \u00e9 dado um prazo de trinta dias corridos, a partir da data de entrega do artigo para revis\u00e3o, para a apresenta\u00e7\u00e3o do parecer. Este prazo poder\u00e1 ser prorrogado por per\u00edodo igual ou menor, a crit\u00e9rio do conselho editorial, desde que a extens\u00e3o do prazo n\u00e3o resulte em atrasos na composi\u00e7\u00e3o e publica\u00e7\u00e3o da revista.<br><br>\n\u2022\tOs pareceristas dever\u00e3o elaborar parecer referente \u00e0 reavalia\u00e7\u00e3o do texto para o qual sugeriram altera\u00e7\u00f5es em parecer anterior.<br><br>\n\u2022\tAp\u00f3s receber os pareceres dos revisores, o Editor-chefe ter\u00e1 a autonomia para arbitrar sobre as avalia\u00e7\u00f5es e tomar a decis\u00e3o final, determinando se o trabalho ser\u00e1 aceito para publica\u00e7\u00e3o (com as corre\u00e7\u00f5es necess\u00e1rias, se houver) ou rejeitado.\n\n<\/p><\/div><\/div>\t\t\t\t<\/div>\n\t\t\t\t<\/div>\n\t\t\t\t\t<\/div>\n\t\t<\/div>\n\t\t\t\t\t<\/div>\n\t\t<\/section>\n\t\t\t\t<\/div>\n\t\t","protected":false},"excerpt":{"rendered":"<p>Processo de Avalia\u00e7\u00e3o Os artigos submetidos \u00e0 Revista Cient\u00edfica FADESA passam por uma sele\u00e7\u00e3o inicial realizada pelo Editor-chefe antes do processo de revis\u00e3o a cega por pares. Essa sele\u00e7\u00e3o pr\u00e9via leva em conta a ader\u00eancia ao escopo da Revista, bem como a adequa\u00e7\u00e3o \u00e0s normas, a originalidade e o impacto da contribui\u00e7\u00e3o cient\u00edfica, a qualidade &hellip;<\/p>\n<p class=\"read-more\"> <a class=\"\" href=\"https:\/\/revistafadesa.com\/index.php\/normas-de-submissao-2\/\"> <span class=\"screen-reader-text\">Processo de Avalia\u00e7\u00e3o<\/span> Read More &raquo;<\/a><\/p>\n","protected":false},"author":1,"featured_media":0,"parent":0,"menu_order":0,"comment_status":"closed","ping_status":"closed","template":"","meta":{"om_disable_all_campaigns":false,"_uag_custom_page_level_css":"","_mi_skip_tracking":false,"_monsterinsights_sitenote_active":false,"_monsterinsights_sitenote_note":"","_monsterinsights_sitenote_category":0,"site-sidebar-layout":"no-sidebar","site-content-layout":"page-builder","ast-global-header-display":"","ast-banner-title-visibility":"","ast-main-header-display":"","ast-hfb-above-header-display":"","ast-hfb-below-header-display":"","ast-hfb-mobile-header-display":"","site-post-title":"disabled","ast-breadcrumbs-content":"","ast-featured-img":"disabled","footer-sml-layout":"","theme-transparent-header-meta":"enabled","adv-header-id-meta":"","stick-header-meta":"","header-above-stick-meta":"","header-main-stick-meta":"","header-below-stick-meta":"","footnotes":""},"aioseo_notices":[],"uagb_featured_image_src":{"full":false,"thumbnail":false,"medium":false,"medium_large":false,"large":false,"1536x1536":false,"2048x2048":false,"woocommerce_thumbnail":false,"woocommerce_single":false,"woocommerce_gallery_thumbnail":false},"uagb_author_info":{"display_name":"revistafadesa.com","author_link":"https:\/\/revistafadesa.com\/index.php\/author\/revistafadesa-com\/"},"uagb_comment_info":0,"uagb_excerpt":"Processo de Avalia\u00e7\u00e3o Os artigos submetidos \u00e0 Revista Cient\u00edfica FADESA passam por uma sele\u00e7\u00e3o inicial realizada pelo Editor-chefe antes do processo de revis\u00e3o a cega por pares. Essa sele\u00e7\u00e3o pr\u00e9via leva em conta a ader\u00eancia ao escopo da Revista, bem como a adequa\u00e7\u00e3o \u00e0s normas, a originalidade e o impacto da contribui\u00e7\u00e3o cient\u00edfica, a qualidade&hellip;","_links":{"self":[{"href":"https:\/\/revistafadesa.com\/index.php\/wp-json\/wp\/v2\/pages\/324"}],"collection":[{"href":"https:\/\/revistafadesa.com\/index.php\/wp-json\/wp\/v2\/pages"}],"about":[{"href":"https:\/\/revistafadesa.com\/index.php\/wp-json\/wp\/v2\/types\/page"}],"author":[{"embeddable":true,"href":"https:\/\/revistafadesa.com\/index.php\/wp-json\/wp\/v2\/users\/1"}],"replies":[{"embeddable":true,"href":"https:\/\/revistafadesa.com\/index.php\/wp-json\/wp\/v2\/comments?post=324"}],"version-history":[{"count":45,"href":"https:\/\/revistafadesa.com\/index.php\/wp-json\/wp\/v2\/pages\/324\/revisions"}],"predecessor-version":[{"id":25420,"href":"https:\/\/revistafadesa.com\/index.php\/wp-json\/wp\/v2\/pages\/324\/revisions\/25420"}],"wp:attachment":[{"href":"https:\/\/revistafadesa.com\/index.php\/wp-json\/wp\/v2\/media?parent=324"}],"curies":[{"name":"wp","href":"https:\/\/api.w.org\/{rel}","templated":true}]}}